{"id":4565,"date":"2023-05-04T11:31:43","date_gmt":"2023-05-04T09:31:43","guid":{"rendered":"https:\/\/cookies.musterpage.ch\/home\/"},"modified":"2023-08-21T11:06:26","modified_gmt":"2023-08-21T09:06:26","slug":"home","status":"publish","type":"page","link":"https:\/\/cookies.musterpage.ch\/en\/","title":{"rendered":"Home"},"content":{"rendered":"\r\n<section id=\"res-headervideo-block_00e0eaa3aa11c7b23100fba6fbbf785a\" data-platform=\"html5\" data-onready=\"VHonYTPlayerReady\" data-onstatechange=\"VHonYTPlayerStateChange\" class=\"res-block res-video-block res-header-video alignfull style-standard m-nope\">\r\n\t<div class=\"res-header-video-outside \" data-aos=\"res-fadeIn\">\r\n\r\n\t\t\r\n\t\t\t\t<style>\r\n                    @media only screen and (min-width: 970px) {\r\n\t\t\t\t\t#res-headervideo-block_00e0eaa3aa11c7b23100fba6fbbf785a.res-header-video .layout-1.res-video-header-frame { height: 100vh;} \t\t\t\t\t#res-headervideo-block_00e0eaa3aa11c7b23100fba6fbbf785a.res-header-video .layout-1 .res-header-video-vertical-center { top: 66%;}\t\t\t\t\t                    }\r\n                    @media only screen and (max-width: 970px) {\r\n\t\t\t\t\t#res-headervideo-block_00e0eaa3aa11c7b23100fba6fbbf785a.res-header-video .layout-1.res-video-header-frame { height: 100vh;}\t\t\t\t\t#res-headervideo-block_00e0eaa3aa11c7b23100fba6fbbf785a.res-header-video .layout-1 .res-header-video-vertical-center { top: 55%;}\t\t\t\t\t\t\t\t\t\t                                        }\r\n\t\t\t\t\t\r\n\t\t\t\t\t\r\n\t\t\t\t<\/style>\r\n\r\n\t\t\t\t<!--  RES Header Video -->\r\n\t\t\t\t<div id=\"video_block_00e0eaa3aa11c7b23100fba6fbbf785a\"\r\n\t\t\t\t\t class=\"layout-1 res-video-header-frame d-flex  \"\r\n\t\t\t\t\t style=\"background-color: #000;\">\r\n\r\n\r\n\t\t\t\t\t<div class=\"res-header-video-vertical-center\">\r\n\t\t\t\t\t\t<div class=\"container-fluid\">\r\n\r\n\t\t\t\t\t\t\t\r\n\r\n\t\t\t\t\t\t\t\t\t\t\t\t\t\t<div class=\"sloganBox\">\r\n\t\t\t\t\t\t\t\t<div class=\"row\">\r\n\t\t\t\t\t\t\t\t\t<div class=\"col col-md-8\">\r\n\t\t\t\t\t\t\t\t\t\t<div class=\"slogan-txt text-left \" data-aos=\"res-leftIncoming\">\r\n\t\t\t\t\t\t\t\t\t\t\t \r\n\t\t\t\t\t\t\t\t\t                                        <h1 class=\"title-h1 pb-1 \">Hier geht es um moderne Firmenwebsites mit neustem Cookie-Banner<\/h1>\r\n\t\t\t\t\t\t\t\t\t\r\n\t\t\t\t\t\t\t\t\t\r\n\t\t\t\t\t\t\t\t\t\r\n\t\t\t\t\t\t\t\t\t\t\t\t\t\t\t\t\t\t  \t\t\t\t\t\t\t\t\t      \t\t<p>Wir bieten Ihnen hochwertiges Branding- und Webdesign. EN.<\/p>\n\t\t\t\t\t\t\t\t\t  \t\t\t\t\t\t\t\t\t\t\t\t\t\t\t\t\t\t\t\t\t\t\r\n\t\t\t\t\t\t\t\t\t\t \r\n\t\t\t\t\t\t\t\t\t\t<\/div>\r\n\t\t\t\t\t\t\t\t\t<\/div>\r\n\t\t\t\t\t\t\t\t<\/div>\r\n\t\t\t\t\t\t\t<\/div>\r\n\r\n\r\n\t\t\t\t\t\t\t\r\n\t\t\t\t\t\t<\/div>\r\n\t\t\t\t\t<\/div>\r\n\r\n\r\n\t\t\t\t\t\t\t\t\t\t\t<div class=\"header-arrow\"><a class=\"scrollerTo\" href=\"#content\" title=\"scroller\"><i class=\"fa-light fa-chevron-down\"><\/i><\/a> <\/div>\r\n\t\t\t\t\t\r\n\r\n\t\t\t\t\t\t\t\t\t\t\t\t<!-- Video Controls -->\r\n\t\t\t\t\t\t\t<div class=\"res-video-header-control\">\r\n\t\t\t\t\t\t\t\t<div class=\"res-video-header-reset-btn\" title=\"Video schliessen\">\r\n                                    <i class=\"fa-light fa-xmark\"><\/i>\r\n\t\t\t\t\t\t\t\t<\/div>\r\n\t\t\t\t\t\t\t\t<div class=\"res-video-header-playback-btn\" title=\"Wiedergabe steuern\">\r\n                                    <i class=\"fa-light fa-pause\"><\/i>\r\n\t\t\t\t\t\t\t\t<\/div>\r\n\t\t\t\t\t\t\t\t<div class=\"res-video-header-mute-btn\" title=\"Sound on off\">\r\n                                    <i class=\"fa-solid fa-volume-high\"><\/i>\r\n\t\t\t\t\t\t\t\t<\/div>\r\n\t\t\t\t\t\t\t<\/div>\r\n\t\t\t\t\t\r\n\t\t\t\t\t<!-- VIDEO Preview -->\r\n\t\t\t\t\t\t\t\t\t\t<!-- VIDEO MAIN -->\r\n\t\t\t\t\t\t\t\t\t\t\t\t<div class=\"fullscreenVideo\"\r\n\t\t\t\t\t\t\t data-desktop=\"https:\/\/cookies.musterpage.ch\/wp-content\/uploads\/2023\/08\/shutterstock_1071675646_cookie.mp4\"\r\n\t\t\t\t\t\t\t data-desktop_mime=\"video\/mp4\"\r\n\t\t\t\t\t\t\t data-desktop_poster=\"\"\r\n\t\t\t\t\t\t\t data-mobile=\"https:\/\/cookies.musterpage.ch\/wp-content\/uploads\/2023\/08\/shutterstock_1071675646_cookie.mp4\"\r\n\t\t\t\t\t\t\t data-mobile_mime=\"video\/mp4\"\r\n\t\t\t\t\t\t\t data-mobile_poster=\"\"\r\n\t\t\t\t\t\t\t \t\t\t\t\t\t\t\t style=\"filter: brightness(1.0)\"\r\n\t\t\t\t\t\t\t  >\r\n\r\n\t\t\t\t\t\t\t<video class=\"videoScale\" autoplay playsinline muted loop poster=\"\">\r\n\t\t\t\t\t\t\t\t<source src=\"https:\/\/cookies.musterpage.ch\/wp-content\/uploads\/2023\/08\/shutterstock_1071675646_cookie.mp4\" type=\"video\/mp4\" \/>\r\n\t\t\t\t\t\t\t<\/video>\r\n\r\n\t\t\t\t\t\t<\/div>\r\n\r\n\t\t\t\t\t<!-- VIDEO MAIN External  -->\r\n\t\t\t\t\t\r\n\t\t\t\t<\/div>\r\n\r\n\t\t\t\t\r\n\t<\/div>\r\n<\/section>\n\n\r\n  \r\n\t<style>\r\n\t\t#res-link-anker-block_60f3e24982c26923bc67cbe8a4b17e3d .link-anker-with-no-padding {padding: 0 !important;}\r\n  <\/style> \r\n\r\n\r\n\r\n\r\n\r\n<section id=\"res-link-anker-block_60f3e24982c26923bc67cbe8a4b17e3d\" class=\"linkanker-section\">\r\n<div  id=\"content\"  class=\"res-block res-link-anker  p-no Transparent link-anker-with-no-padding\" style=\"background: transparent;\">\r\n  <div class=\"inner-container container-off\" >\r\n\t\r\n\t\t\r\n\t  \r\n\r\n\t<\/div>\r\n  <\/div>\r\n<\/section>\n\n\r\n\r\n\r\n<section id=\"res-txt-block_0b6e82c7991b41baea313c2c164c641f\" class=\"res-block res-txt style-04 layout01 py-4 Transparent\" style=\"background: transparent;\">\r\n  <div class=\"inner-container container-off headline-title\" data-fx-gsap=\"fx-custom\">\r\n \r\n\t\t  \r\n\t\t \t  \r\n      \r\n      <div class=\"layout-1 txt-section\">\r\n\t\t<div class=\"row\">\t\r\n\t\t\t\r\n\t\t\r\n\t\t\t<div class=\"col-md-10 var-1spalten text-left\">\r\n\t\t\t\t\r\n\t\t\t\t<div class=\"txt-title-field\">\r\n\t\r\n\t\t\t\t\t\r\n\t\t\r\n\t\t\t\t  \r\n\t\t\t\t   <h2 class=\"title-h2 fx-res-bottom my-title-custom-animation\">Digital Brand Experience auf der Website.<\/h2>\r\n\t\t\t\t\r\n\t\t\t\t\t\r\n\t\t\t\t\t \r\n\t\t\t\t\t<\/div>\r\n\r\n\t\t\t\t\t\t\t\t\t<div class=\"txt-textfield postContent pt-md-3 fx-res-bottom my-title-custom-animation\">\r\n                        <p>Mustertext oder auch Lorem Ipsum mit maximal 50 W\u00f6rter ist der perfekte Abschnitt Teaser Text. ist ein Demo-Text f\u00fcr Websites. Es ist ein lang erwiesener Fakt, dass ein Leser vom Text abgelenkt wird, wenn er sich ein Layout ansieht. Der Punkt, dass es mehr oder weniger die normale Anordnung von Buchstaben.<\/p>\n\t\t\t\t\t<\/div>\r\n                \r\n                \t\t\t\t\t <div class=\"txt-textfield-btns pt-2 text-left fx-res-bottom my-title-custom-animation\">\r\n\t\t\t\t\t\t\t\t\t\t\t\t\t\t\t<a class=\"btn  btn-arrow \" href=\"#\" target=\"_self\">mehr erfahren<\/a>\r\n                                \t\t\t\t\t\t\t\t\t\t\t\t<\/div>\r\n                \r\n\t\t\t\t\t            <\/div>\r\n\t\t\t\t <\/div> \t\r\n\t\t<\/div>\r\n\t \r\n\t  \r\n \r\n \r\n\t<\/div>\r\n<\/section>\r\n\r\n\n\n\r\n\r\n\r\n<section id=\"res-txt-block_9b7ed503adecc79268a4d39d2ea78d63\" class=\"res-block res-txt style-standard layout01 py-3 Transparent\" style=\"background: transparent;\">\r\n  <div class=\"inner-container container-off \" data-aos=\"res-fadeIn\">\r\n \r\n\t\t  \r\n\t\t \t  \r\n      \r\n      <div class=\"layout-1 txt-section\">\r\n\t\t<div class=\"row\">\t\r\n\t\t\t\r\n\t\t            \r\n                           <style>      \r\n                 @media only screen and (min-width: 970px) {\r\n                     #res-txt-block_9b7ed503adecc79268a4d39d2ea78d63.res-txt .spalten-abstand {\r\n                         margin-right: 2%;\r\n                     }\r\n                 }\r\n              <\/style>\r\n                 \r\n            \r\n\t\t\t\t<div class=\"col-md-6 txt-title-field var-2spalten\">\r\n                    <div class=\"spalten-abstand \">\r\n\t\t\t\t\r\n\t\t\t\t\t\t\r\n\r\n\t\t\t\t\t  \r\n\t\t\t\t\t   <h2 class=\"title-h2\">Digitaler Brand und Firmenwebsite<\/h2>\r\n\t\t\t\t\t\r\n\t\t\t\t\t\t\r\n                        \r\n                   <\/div>\r\n\t\t\t\t<\/div> \r\n\t\t\t\t\r\n\t\t\t\t\r\n\t\t\t\t<div class=\"col-md txt-textfield var-2spalten postContent \">\r\n\r\n\t\t\t\t\t\t\t\t\t\t  <p>Mustertext oder auch Lorem Ipsum mit maximal f\u00fcnfzig W\u00f6rter ist der perfekte Abschnitt Teaser Text. ist ein Demo-Text f\u00fcr Websites. Es ist ein lang erwiesener Fakt, dass ein Leser vom Text abgelenkt wird, wenn er sich ein Layout ansieht. Der Punkt, dass es mehr oder weniger <a href=\"#\">Link<\/a> die normale Anordnung von Buchstaben.<\/p>\n\t\t\t\t\t\r\n\t\t\t\t \r\n\t\t\t\t\t\t\r\n\t\r\n\t\t\t\t  <\/div>\r\n\t\r\n\t\t\t\t\t <\/div> \t\r\n\t\t<\/div>\r\n\t \r\n\t  \r\n \r\n \r\n\t<\/div>\r\n<\/section>\r\n\r\n\n\n\r\n  \r\n\t<style>\r\n\t\t#res-link-anker-block_17ceceb0da444b9a8078e195d670c551 .link-anker-with-no-padding {padding: 0 !important;}\r\n  <\/style> \r\n\r\n\r\n\r\n\r\n\r\n<section id=\"res-link-anker-block_17ceceb0da444b9a8078e195d670c551\" class=\"linkanker-section\">\r\n<div  class=\"res-block res-link-anker style-standard py-4 Transparent link-anker-with-no-padding\" style=\"background: transparent;\">\r\n  <div class=\"inner-container container-off\" data-aos=\"res-fadeIn\">\r\n\t\r\n\t\t<hr  >\r\n\t\t\r\n\t  \r\n\r\n\t<\/div>\r\n  <\/div>\r\n<\/section>\n\n \r\n\t<section id=\"res-boxes-block_b30dc0ce22289486c04489d6912a9fa3\" class=\"res-block res-boxes style-standard py-3 Transparent\" style=\"background: transparent;\">\r\n\t\t<div class=\"inner-container container-off \" data-aos=\"res-downIncomingMore\">\r\n\r\n\t\t\t<style>\r\n\t\t\t\t                \r\n                \r\n\t\t\t\t@media only screen and (min-width: 970px) {\r\n\t\t\t\t#res-boxes-block_b30dc0ce22289486c04489d6912a9fa3 .box-inner {margin-right: 40px;}\r\n\t\t\t\t\t\t\t\t}\r\n\t\t\t<\/style>\r\n\r\n\t\t\t\r\n\t\t\t\r\n\t\t\t<div id=\"res-boxes-block_b30dc0ce22289486c04489d6912a9fa3\" class=\"row row-cols-1 row-cols-md-2 no-gutters boxes-frame equal-boxheight \" >\r\n\r\n\t\t\t\t\r\n\t\t\t\t\r\n\t\t\t\t\t\t\t\t<div class=\"col-md box-col mb-3 mb-md-3 box-item boxlayout01     box-url-link\">\r\n\r\n\t\t\t\t\t<div class=\"box-inner flatbox scale-box h-100 \">\r\n\r\n\t\t\t\t\t\t\t\t\t\t\t\t<a href=\"#\" target=\"\">\r\n\t\t\t\t\t\t\t\t\t\t\t\t\t\t<div class=\"postBox text-left \">\r\n\r\n\t\t\t\t\t\t\t\t\t\t\t\t\t\t\t\t\t<div class=\"postImg box-img mb-1 overflow-hidden \">\r\n\t\t\t\t\t\t\t\t\t\t<img loading=\"lazy\" decoding=\"async\" width=\"1000\" height=\"750\" src=\"https:\/\/cookies.musterpage.ch\/wp-content\/uploads\/2023\/05\/bubble-1000x750.webp\" class=\"img-fluid w-100\" alt=\"\" \/>\t\t\t\t\t\t\t\t\t<\/div>\r\n\t\t\t\t\t\t\t\t\r\n\t\t\t\t\t\t\t\t<div class=\"postContent box-no-paddding h-100\">\r\n\r\n\t\t\t\t\t\t\t\t\t\t\t\t\t\t\t\t\t\t\r\n\t\t\t\t\t\t\t\t<h2 >BRANDING<\/h2>\r\n\t\t\t\t\t\t\t\t\t\r\n\t\t\t\t\t\t\t\t\t\t\t\t\t\t\t\t\t<div class=\"vorschau-text pb-1 \">\r\n\t\t\t\t\t\t\t\t\t\t<p>Design und Branding als Mustertext mit maximal bis f\u00fcnfzig W\u00f6rter ist der perfekte Abschnitt Teaser Text<\/p>\n\t\t\t\t\t\t\t\t\t<\/div>\r\n\t\t\t\t\t\t\t\t\r\n\t\t\t\t\t\t\t\t\t\t\t\t\t\t\t\t\t\t\t\t\t\t\t\t\t\t\t<span class=\"btn  btn-text-link \"> mehr erfahren<\/span>\r\n\t\t\t\t\t\t\t\t\t\t\t\t\t\t\t\t\t\r\n\t\t\t\t\t\t\t<\/div>\r\n\t\t\t\t\t<\/div>\r\n\t\t\t\t\t\t\t\t\t\t\t<\/a>\r\n\t\t\t\t\t\r\n\t\t\t\t\t\r\n\t\t\t\t<\/div>\r\n\r\n\t\t\t<\/div>\r\n\t\t\r\n\t\t\t\t\t\t\t\t<div class=\"col-md box-col mb-3 mb-md-3 box-item boxlayout01     box-url-link\">\r\n\r\n\t\t\t\t\t<div class=\"box-inner flatbox scale-box h-100 \">\r\n\r\n\t\t\t\t\t\t\t\t\t\t\t\t<a href=\"#\" target=\"\">\r\n\t\t\t\t\t\t\t\t\t\t\t\t\t\t<div class=\"postBox text-left \">\r\n\r\n\t\t\t\t\t\t\t\t\t\t\t\t\t\t\t\t\t<div class=\"postImg box-img mb-1 overflow-hidden \">\r\n\t\t\t\t\t\t\t\t\t\t<img loading=\"lazy\" decoding=\"async\" width=\"1000\" height=\"750\" src=\"https:\/\/cookies.musterpage.ch\/wp-content\/uploads\/2023\/08\/cc-cookie-1000x750.jpg\" class=\"img-fluid w-100\" alt=\"\" \/>\t\t\t\t\t\t\t\t\t<\/div>\r\n\t\t\t\t\t\t\t\t\r\n\t\t\t\t\t\t\t\t<div class=\"postContent box-no-paddding h-100\">\r\n\r\n\t\t\t\t\t\t\t\t\t\t\t\t\t\t\t\t\t\t\r\n\t\t\t\t\t\t\t\t<h2 >WEBSITE<\/h2>\r\n\t\t\t\t\t\t\t\t\t\r\n\t\t\t\t\t\t\t\t\t\t\t\t\t\t\t\t\t<div class=\"vorschau-text pb-1 \">\r\n\t\t\t\t\t\t\t\t\t\t<p>Website, WordPress und Webprogrammierung als Mustertext mit maximal bis f\u00fcnfzig W\u00f6rter.<\/p>\n\t\t\t\t\t\t\t\t\t<\/div>\r\n\t\t\t\t\t\t\t\t\r\n\t\t\t\t\t\t\t\t\t\t\t\t\t\t\t\t\t\t\t\t\t\t\t\t\t\t\t<span class=\"btn  btn-text-link \"> mehr erfahren<\/span>\r\n\t\t\t\t\t\t\t\t\t\t\t\t\t\t\t\t\t\r\n\t\t\t\t\t\t\t<\/div>\r\n\t\t\t\t\t<\/div>\r\n\t\t\t\t\t\t\t\t\t\t\t<\/a>\r\n\t\t\t\t\t\r\n\t\t\t\t\t\r\n\t\t\t\t<\/div>\r\n\r\n\t\t\t<\/div>\r\n\t\t\t\t<\/div>\r\n\t\t\t\t<\/div>\r\n\r\n\t\t\t<\/section>\r\n\r\n","protected":false},"excerpt":{"rendered":"","protected":false},"author":1,"featured_media":0,"parent":0,"menu_order":0,"comment_status":"closed","ping_status":"closed","template":"","meta":{"footnotes":""},"class_list":["post-4565","page","type-page","status-publish","hentry"],"acf":[],"_links":{"self":[{"href":"https:\/\/cookies.musterpage.ch\/en\/wp-json\/wp\/v2\/pages\/4565","targetHints":{"allow":["GET"]}}],"collection":[{"href":"https:\/\/cookies.musterpage.ch\/en\/wp-json\/wp\/v2\/pages"}],"about":[{"href":"https:\/\/cookies.musterpage.ch\/en\/wp-json\/wp\/v2\/types\/page"}],"author":[{"embeddable":true,"href":"https:\/\/cookies.musterpage.ch\/en\/wp-json\/wp\/v2\/users\/1"}],"replies":[{"embeddable":true,"href":"https:\/\/cookies.musterpage.ch\/en\/wp-json\/wp\/v2\/comments?post=4565"}],"version-history":[{"count":4,"href":"https:\/\/cookies.musterpage.ch\/en\/wp-json\/wp\/v2\/pages\/4565\/revisions"}],"predecessor-version":[{"id":4715,"href":"https:\/\/cookies.musterpage.ch\/en\/wp-json\/wp\/v2\/pages\/4565\/revisions\/4715"}],"wp:attachment":[{"href":"https:\/\/cookies.musterpage.ch\/en\/wp-json\/wp\/v2\/media?parent=4565"}],"curies":[{"name":"wp","href":"https:\/\/api.w.org\/{rel}","templated":true}]}}